{"id":2881,"date":"2023-10-01T16:41:53","date_gmt":"2023-10-01T15:41:53","guid":{"rendered":"https:\/\/www.bearomatic.com\/produto\/prato-flor-de-coentro\/"},"modified":"2023-11-16T11:49:18","modified_gmt":"2023-11-16T11:49:18","slug":"coriander-ceramic-plate-handmade","status":"publish","type":"product","link":"https:\/\/www.bearomatic.com\/en\/product\/coriander-ceramic-plate-handmade\/","title":{"rendered":"Coriander ceramic Plate"},"content":{"rendered":"<!--themify_builder_content-->\n<div id=\"themify_builder_content-2881\" data-postid=\"2881\" class=\"themify_builder_content themify_builder_content-2881 themify_builder tf_clear\">\n    \t\t\t\t<!-- module_row -->\n\t\t<div  data-lazy=\"1\" class=\"module_row themify_builder_row tb_zfuw470 tb_first tf_w tf_clearfix\">\n\t\t\t\t\t<div class=\"row_inner col_align_top tb_col_count_1 tf_box tf_rel\">\n\t\t\t\t\t<div  data-lazy=\"1\" class=\"module_column tb-column col-full tb_sko4471 first\">\n\t\t\t\t\t\t\t\t\t<div class=\"tb-column-inner tf_box tf_w\">\n\t\t\t\t<!-- module text -->\n<div  class=\"module module-text tb_qq87471 isprodtxt  \" data-lazy=\"1\">\n        <div  class=\"tb_text_wrap\">\n    <p>Handcrafted plate in earthenware and glaze with Coriander Flower ilustration.<\/p><p>Be Aromatic\u00a0 in a partnership with the artist H\u00e9l\u00e8ne Fal\u00e9,\u00a0 created a collection of ceramic pieces with botanical ilustrations. They are unique pieces, made by H\u00e9l\u00e8ne&#8217;s careful and talented hands.<br \/>Pieces that highlight our aromatic herbs, in a diferent way.<\/p><p>We begin this partnership by choosing Savory for the large plate and Coriander flower for the medium plate. These are limited editions and will be replaced by other pieces and ilustrations. Make a set or select your favorite to feature on your dinner table, either way, a great choise for a daily use.<\/p><p>A local, artisanal and unique product.<\/p><p>Dinnerware safe.<\/p><p>Handwash recomended.<\/p><p>Measures: 30.50 x 21.50cm<\/p>    <\/div>\n<\/div>\n<!-- \/module text -->\t\t\t\t<\/div><!-- .tb-column-inner -->\n\t\t\t\t\t\t<\/div><!-- .module_column -->\n\t\t\t\t\t\t<\/div><!-- .row_inner -->\n\t\t<\/div><!-- .module_row -->\n\t\t\t\t<\/div>\n<!--\/themify_builder_content-->\n","protected":false},"excerpt":{"rendered":"<p><!--themify_builder_static--><\/p>\n<p>Handcrafted plate in earthenware and glaze with Coriander Flower ilustration.<\/p>\n<p>Be Aromatic\u00a0 in a partnership with the artist H\u00e9l\u00e8ne Fal\u00e9,\u00a0 created a collection of ceramic pieces with botanical ilustrations. They are unique pieces, made by H\u00e9l\u00e8ne&#8217;s careful and talented hands.<br \/>Pieces that highlight our aromatic herbs, in a diferent way.<\/p>\n<p>We begin this partnership by choosing Savory for the large plate and Coriander flower for the medium plate. These are limited editions and will be replaced by other pieces and ilustrations. Make a set or select your favorite to feature on your dinner table, either way, a great choise for a daily use.<\/p>\n<p>A local, artisanal and unique product.<\/p>\n<p>Dinnerware safe.<\/p>\n<p>Handwash recomended.<\/p>\n<p>Measures: 30.50 x 21.50cm<\/p>\n<p><!--\/themify_builder_static--><\/p>\n","protected":false},"featured_media":2661,"comment_status":"closed","ping_status":"closed","template":"","meta":[],"product_brand":[],"product_cat":[75],"product_tag":[131],"class_list":{"0":"post-2881","1":"product","2":"type-product","3":"status-publish","4":"has-post-thumbnail","6":"product_cat-ceramic-plates","7":"product_tag-prato-medio-en","8":"has-post-title","9":"has-post-date","10":"has-post-category","11":"has-post-tag","12":"has-post-comment","13":"has-post-author","14":"","16":"first","17":"instock","18":"shipping-taxable","19":"purchasable","20":"product-type-simple"},"yoast_head":"<!-- This site is optimized with the Yoast SEO plugin v24.4 - https:\/\/yoast.com\/wordpress\/plugins\/seo\/ -->\n<title>Ceramic plate | Coriander | Handmade | Portugal | Be Aromatic<\/title>\n<meta name=\"description\" content=\"Handmade ceramic plate with Coriander illustration. Dinnerware safe. A local, artisanal and unique product.\" \/>\n<meta name=\"robots\" content=\"index, follow, max-snippet:-1, max-image-preview:large, max-video-preview:-1\" \/>\n<link rel=\"canonical\" href=\"https:\/\/www.bearomatic.com\/en\/product\/coriander-ceramic-plate-handmade\/\" \/>\n<meta property=\"og:locale\" content=\"en_US\" \/>\n<meta property=\"og:type\" content=\"article\" \/>\n<meta property=\"og:title\" content=\"Ceramic plate | Coriander | Handmade | Portugal | Be Aromatic\" \/>\n<meta property=\"og:description\" content=\"Handmade ceramic plate with Coriander illustration. Dinnerware safe. A local, artisanal and unique product.\" \/>\n<meta property=\"og:url\" content=\"https:\/\/www.bearomatic.com\/en\/product\/coriander-ceramic-plate-handmade\/\" \/>\n<meta property=\"og:site_name\" content=\"Bearomatic\" \/>\n<meta property=\"article:modified_time\" content=\"2023-11-16T11:49:18+00:00\" \/>\n<meta property=\"og:image\" content=\"https:\/\/www.bearomatic.com\/wp-content\/uploads\/2023\/10\/Prato-medio-1.jpg\" \/>\n\t<meta property=\"og:image:width\" content=\"1080\" \/>\n\t<meta property=\"og:image:height\" content=\"1080\" \/>\n\t<meta property=\"og:image:type\" content=\"image\/jpeg\" \/>\n<meta name=\"twitter:card\" content=\"summary_large_image\" \/>\n<script type=\"application\/ld+json\" class=\"yoast-schema-graph\">{\"@context\":\"https:\/\/schema.org\",\"@graph\":[{\"@type\":\"WebPage\",\"@id\":\"https:\/\/www.bearomatic.com\/en\/product\/coriander-ceramic-plate-handmade\/\",\"url\":\"https:\/\/www.bearomatic.com\/en\/product\/coriander-ceramic-plate-handmade\/\",\"name\":\"Ceramic plate | Coriander | Handmade | Portugal | Be Aromatic\",\"isPartOf\":{\"@id\":\"https:\/\/www.bearomatic.com\/#website\"},\"primaryImageOfPage\":{\"@id\":\"https:\/\/www.bearomatic.com\/en\/product\/coriander-ceramic-plate-handmade\/#primaryimage\"},\"image\":{\"@id\":\"https:\/\/www.bearomatic.com\/en\/product\/coriander-ceramic-plate-handmade\/#primaryimage\"},\"thumbnailUrl\":\"https:\/\/www.bearomatic.com\/wp-content\/uploads\/2023\/10\/Prato-medio-1.jpg\",\"datePublished\":\"2023-10-01T15:41:53+00:00\",\"dateModified\":\"2023-11-16T11:49:18+00:00\",\"description\":\"Handmade ceramic plate with Coriander illustration. Dinnerware safe. A local, artisanal and unique product.\",\"breadcrumb\":{\"@id\":\"https:\/\/www.bearomatic.com\/en\/product\/coriander-ceramic-plate-handmade\/#breadcrumb\"},\"inLanguage\":\"en-US\",\"potentialAction\":[{\"@type\":\"ReadAction\",\"target\":[\"https:\/\/www.bearomatic.com\/en\/product\/coriander-ceramic-plate-handmade\/\"]}]},{\"@type\":\"ImageObject\",\"inLanguage\":\"en-US\",\"@id\":\"https:\/\/www.bearomatic.com\/en\/product\/coriander-ceramic-plate-handmade\/#primaryimage\",\"url\":\"https:\/\/www.bearomatic.com\/wp-content\/uploads\/2023\/10\/Prato-medio-1.jpg\",\"contentUrl\":\"https:\/\/www.bearomatic.com\/wp-content\/uploads\/2023\/10\/Prato-medio-1.jpg\",\"width\":1080,\"height\":1080},{\"@type\":\"BreadcrumbList\",\"@id\":\"https:\/\/www.bearomatic.com\/en\/product\/coriander-ceramic-plate-handmade\/#breadcrumb\",\"itemListElement\":[{\"@type\":\"ListItem\",\"position\":1,\"name\":\"Home\",\"item\":\"https:\/\/www.bearomatic.com\/en\/home\/\"},{\"@type\":\"ListItem\",\"position\":2,\"name\":\"Shop\",\"item\":\"https:\/\/www.bearomatic.com\/en\/shop\/\"},{\"@type\":\"ListItem\",\"position\":3,\"name\":\"Coriander ceramic Plate\"}]},{\"@type\":\"WebSite\",\"@id\":\"https:\/\/www.bearomatic.com\/#website\",\"url\":\"https:\/\/www.bearomatic.com\/\",\"name\":\"Bearomatic\",\"description\":\"Bearomatic\",\"potentialAction\":[{\"@type\":\"SearchAction\",\"target\":{\"@type\":\"EntryPoint\",\"urlTemplate\":\"https:\/\/www.bearomatic.com\/?s={search_term_string}\"},\"query-input\":{\"@type\":\"PropertyValueSpecification\",\"valueRequired\":true,\"valueName\":\"search_term_string\"}}],\"inLanguage\":\"en-US\"}]}<\/script>\n<!-- \/ Yoast SEO plugin. -->","yoast_head_json":{"title":"Ceramic plate | Coriander | Handmade | Portugal | Be Aromatic","description":"Handmade ceramic plate with Coriander illustration. Dinnerware safe. A local, artisanal and unique product.","robots":{"index":"index","follow":"follow","max-snippet":"max-snippet:-1","max-image-preview":"max-image-preview:large","max-video-preview":"max-video-preview:-1"},"canonical":"https:\/\/www.bearomatic.com\/en\/product\/coriander-ceramic-plate-handmade\/","og_locale":"en_US","og_type":"article","og_title":"Ceramic plate | Coriander | Handmade | Portugal | Be Aromatic","og_description":"Handmade ceramic plate with Coriander illustration. Dinnerware safe. A local, artisanal and unique product.","og_url":"https:\/\/www.bearomatic.com\/en\/product\/coriander-ceramic-plate-handmade\/","og_site_name":"Bearomatic","article_modified_time":"2023-11-16T11:49:18+00:00","og_image":[{"width":1080,"height":1080,"url":"https:\/\/www.bearomatic.com\/wp-content\/uploads\/2023\/10\/Prato-medio-1.jpg","type":"image\/jpeg"}],"twitter_card":"summary_large_image","schema":{"@context":"https:\/\/schema.org","@graph":[{"@type":"WebPage","@id":"https:\/\/www.bearomatic.com\/en\/product\/coriander-ceramic-plate-handmade\/","url":"https:\/\/www.bearomatic.com\/en\/product\/coriander-ceramic-plate-handmade\/","name":"Ceramic plate | Coriander | Handmade | Portugal | Be Aromatic","isPartOf":{"@id":"https:\/\/www.bearomatic.com\/#website"},"primaryImageOfPage":{"@id":"https:\/\/www.bearomatic.com\/en\/product\/coriander-ceramic-plate-handmade\/#primaryimage"},"image":{"@id":"https:\/\/www.bearomatic.com\/en\/product\/coriander-ceramic-plate-handmade\/#primaryimage"},"thumbnailUrl":"https:\/\/www.bearomatic.com\/wp-content\/uploads\/2023\/10\/Prato-medio-1.jpg","datePublished":"2023-10-01T15:41:53+00:00","dateModified":"2023-11-16T11:49:18+00:00","description":"Handmade ceramic plate with Coriander illustration. Dinnerware safe. A local, artisanal and unique product.","breadcrumb":{"@id":"https:\/\/www.bearomatic.com\/en\/product\/coriander-ceramic-plate-handmade\/#breadcrumb"},"inLanguage":"en-US","potentialAction":[{"@type":"ReadAction","target":["https:\/\/www.bearomatic.com\/en\/product\/coriander-ceramic-plate-handmade\/"]}]},{"@type":"ImageObject","inLanguage":"en-US","@id":"https:\/\/www.bearomatic.com\/en\/product\/coriander-ceramic-plate-handmade\/#primaryimage","url":"https:\/\/www.bearomatic.com\/wp-content\/uploads\/2023\/10\/Prato-medio-1.jpg","contentUrl":"https:\/\/www.bearomatic.com\/wp-content\/uploads\/2023\/10\/Prato-medio-1.jpg","width":1080,"height":1080},{"@type":"BreadcrumbList","@id":"https:\/\/www.bearomatic.com\/en\/product\/coriander-ceramic-plate-handmade\/#breadcrumb","itemListElement":[{"@type":"ListItem","position":1,"name":"Home","item":"https:\/\/www.bearomatic.com\/en\/home\/"},{"@type":"ListItem","position":2,"name":"Shop","item":"https:\/\/www.bearomatic.com\/en\/shop\/"},{"@type":"ListItem","position":3,"name":"Coriander ceramic Plate"}]},{"@type":"WebSite","@id":"https:\/\/www.bearomatic.com\/#website","url":"https:\/\/www.bearomatic.com\/","name":"Bearomatic","description":"Bearomatic","potentialAction":[{"@type":"SearchAction","target":{"@type":"EntryPoint","urlTemplate":"https:\/\/www.bearomatic.com\/?s={search_term_string}"},"query-input":{"@type":"PropertyValueSpecification","valueRequired":true,"valueName":"search_term_string"}}],"inLanguage":"en-US"}]}},"_links":{"self":[{"href":"https:\/\/www.bearomatic.com\/en\/wp-json\/wp\/v2\/product\/2881","targetHints":{"allow":["GET"]}}],"collection":[{"href":"https:\/\/www.bearomatic.com\/en\/wp-json\/wp\/v2\/product"}],"about":[{"href":"https:\/\/www.bearomatic.com\/en\/wp-json\/wp\/v2\/types\/product"}],"replies":[{"embeddable":true,"href":"https:\/\/www.bearomatic.com\/en\/wp-json\/wp\/v2\/comments?post=2881"}],"wp:featuredmedia":[{"embeddable":true,"href":"https:\/\/www.bearomatic.com\/en\/wp-json\/wp\/v2\/media\/2661"}],"wp:attachment":[{"href":"https:\/\/www.bearomatic.com\/en\/wp-json\/wp\/v2\/media?parent=2881"}],"wp:term":[{"taxonomy":"product_brand","embeddable":true,"href":"https:\/\/www.bearomatic.com\/en\/wp-json\/wp\/v2\/product_brand?post=2881"},{"taxonomy":"product_cat","embeddable":true,"href":"https:\/\/www.bearomatic.com\/en\/wp-json\/wp\/v2\/product_cat?post=2881"},{"taxonomy":"product_tag","embeddable":true,"href":"https:\/\/www.bearomatic.com\/en\/wp-json\/wp\/v2\/product_tag?post=2881"}],"curies":[{"name":"wp","href":"https:\/\/api.w.org\/{rel}","templated":true}]}}