{"id":2814,"date":"2023-10-12T17:19:18","date_gmt":"2023-10-12T16:19:18","guid":{"rendered":"https:\/\/www.bearomatic.com\/politica-de-privacidade\/"},"modified":"2023-10-29T17:23:31","modified_gmt":"2023-10-29T17:23:31","slug":"privacy-policy","status":"publish","type":"page","link":"https:\/\/www.bearomatic.com\/en\/privacy-policy\/","title":{"rendered":"Privacy Policy"},"content":{"rendered":"<!--themify_builder_content-->\n<div id=\"themify_builder_content-2814\" data-postid=\"2814\" class=\"themify_builder_content themify_builder_content-2814 themify_builder tf_clear\">\n    \t\t\t\t<!-- module_row -->\n\t\t<div  data-lazy=\"1\" class=\"module_row themify_builder_row homeblock2 tb_8wwh315 tb_first tf_w tf_clearfix\">\n\t\t\t\t\t<div class=\"row_inner col_align_top tb_col_count_1 tf_box tf_rel\">\n\t\t\t\t\t<div  data-lazy=\"1\" class=\"module_column tb-column col-full tb_kadz315 first\">\n\t\t\t\t\t\t\t\t\t<div class=\"tb-column-inner tf_box tf_w\">\n\t\t\t\t<!-- module text -->\n<div  class=\"module module-text tb_qcb6315 homeblock2txt  \" data-lazy=\"1\">\n        <div  class=\"tb_text_wrap\">\n    <h1>Pol\u00edtica de Privacidade<\/h1>\n    <\/div>\n<\/div>\n<!-- \/module text -->\t\t\t\t<\/div><!-- .tb-column-inner -->\n\t\t\t\t\t\t<\/div><!-- .module_column -->\n\t\t\t\t\t\t<\/div><!-- .row_inner -->\n\t\t<\/div><!-- .module_row -->\n\t\t\t\t\t\t\t\t<!-- module_row -->\n\t\t<div  data-lazy=\"1\" class=\"module_row themify_builder_row tb_hiwu749 tf_w tf_clearfix\">\n\t\t\t\t\t<div class=\"row_inner col_align_top tb_col_count_1 tf_box tf_rel\">\n\t\t\t\t\t<div  data-lazy=\"1\" class=\"module_column tb-column col-full tb_nbvu750 first\">\n\t\t\t\t\t\t\t\t\t<div class=\"tb-column-inner tf_box tf_w\">\n\t\t\t\t<!-- module text -->\n<div  class=\"module module-text tb_lj50509 politicastxt  \" data-lazy=\"1\">\n        <div  class=\"tb_text_wrap\">\n    <p>TERMOS E CONDI\u00c7\u00d5ES DE UTILIZA\u00c7\u00c3O e CONDI\u00c7\u00d5ES GEN\u00c9RICAS DE VENDA\u00a0<\/p><p>Comercializa\u00e7\u00e3o dos artigos expostos neste s\u00edtio de Internet \u00e9 efectuada pela seguinte entidade:<\/p><p><strong>Be Aromatic, Lda<\/strong><br \/>Quinta dos Choupos Cx postal 3504 Loios-Louredo<br \/>7005-874 \u00c9vora<br \/>Portugal<\/p><p>NIPC: 510254837<\/p><p>Registo comercial 20120419 pela Conservat\u00f3ria do Registo Comercial de \u00c9vora<\/p><p><strong>1. Registo e contacto com o Utilizador<\/strong><\/p><p>Para poder proceder ao processo de compra o Utilizador do site tem, obrigatoriamente, que se registar. Durante o processo de registo ter\u00e1 que fornecer algumas informa\u00e7\u00f5es pessoais. Todos os contactos com o Utilizador ser\u00e3o efetuados para o endere\u00e7o de email que o mesmo introduziu durante o seu processo de registo. Salvo indica\u00e7\u00e3o em contr\u00e1rio, as encomendas ser\u00e3o enviadas para a morada que o Utilizador introduziu durante o seu processo de registo. Assim sendo, dever\u00e1 o Utilizador fazer os poss\u00edveis para manter sempre actualizados os seus dados pessoais. Os dados de acesso ao site ser\u00e3o enviados para o endere\u00e7o de email que foi utilizado durante o registo no site. Caso n\u00e3o receba o email com os dados de acesso, recomendamos a verifica\u00e7\u00e3o da pasta de SPAM do seu email.<\/p><p><strong>2. Pre\u00e7os<\/strong><\/p><p><span style=\"line-height: 1.6em;\">Salvo onde expressamente referido, os pre\u00e7os indicados no site s\u00e3o em Euros e aplicam-se a um territ\u00f3rio pr\u00e9-definido que pode corresponder ao Pa\u00eds ou Regi\u00e3o que o Utilizador indicou no momento do seu registo. Neste pre\u00e7o est\u00e1 j\u00e1 inclu\u00eddo o IVA \u00e0 taxa legal em vigor em Portugal no dia da aquisi\u00e7\u00e3o. A BE AROMATIC reserva-se ao direito de alterar a qualquer momento e sem aviso pr\u00e9vio o pre\u00e7o de qualquer produto, n\u00e3o podendo assumir quaisquer diferen\u00e7as que o Utilizador venha reclamar em virtude desta altera\u00e7\u00e3o. Salvo qualquer erro que resulte da introdu\u00e7\u00e3o dos valores no site, que possa vir a ser detectado, o pre\u00e7o de venda de um produto ser\u00e1 o pre\u00e7o unit\u00e1rio indicado no momento de registo da compra.<\/span><\/p><p>O pre\u00e7o indicado para cada artigo n\u00e3o inclui o custo de transporte e embalagem. Estes custos ser\u00e3o indicados durante o processo de encomenda.\u00a0<\/p><p><strong><span style=\"line-height: 1.6em;\">3. Pagamento<\/span><\/strong><\/p><p>O Utilizador pode optar pelo pagamento por Transfer\u00eancia Banc\u00e1ria, por Multibanco ou por Paypal.<\/p><p>MULTIBANCO<br \/><span style=\"line-height: 1.6em;\">O cliente receber\u00e1 via email e\/ou telem\u00f3vel a refer\u00eancia para pagamento numa caixa multibanco.<\/span><\/p><p>PAYPAL<br \/>O Systema Paypal \u00e9 o sistema utilizado para receber pagamentos efectuados atrav\u00e9s de contas Paypal e igualmente para pagamentos efectuados com Cart\u00f5es de Cr\u00e9dito VISA, MasterCard e American Express.<\/p><p>TRANSFER\u00caNCIA BANC\u00c1RIA<br \/>O pagamento dever\u00e1 ser feito para a conta da Be Aromatic do NOVO BANCO<br \/>IBAN PT50 0007 0000 0009 5425 3032 3<br \/>Solicitamos o envio do comprovativo de pagamento para o email, geral@bearomatic.pt, para que o processo de envio da encomenda d\u00ea in\u00edcio.<\/p><p>CONTRA ENTREGA NO LOCAL<br \/>As entregas das encomendas s\u00e3o feitas a todas as sexta-feiras, das 9h \u00e0s 17h. Solicita-se ao cliente, o envio de um email a confirmar a hora para levantamento da respectiva encomenda. N\u00e3o dispomos de multibanco, o cliente dever\u00e1 fazer-se acompanhar de dinheiro ou de cheque.<\/p><p><strong><span style=\"line-height: 1.6em;\">4. Confirma\u00e7\u00e3o da encomenda<\/span><\/strong><\/p><p>Todas as encomendas ser\u00e3o confirmadas pelo BE AROMATIC, com o envio de um segundo email que reflete eventuais altera\u00e7\u00f5es \u00e0 encomenda, por falta de algum artigo, e que informar\u00e1 igualmente como o Utilizador poder\u00e1 dar seguimento ao pagamento da encomenda.<\/p><p><strong>5. Portes de envio, rece\u00e7\u00e3o da encomenda e tempo de entrega<\/strong><\/p><p>Os portes de envio s\u00e3o calculados automaticamente e ser\u00e3o suportados pelo Utilizador. Este valor pode ser alterado sem aviso pr\u00e9vio em virtude de altera\u00e7\u00f5es introduzidas nos servi\u00e7os utilizados pela Be Aromatic, revis\u00e3o de tabelas de pre\u00e7os ou erro verificado no c\u00e1lculo do mesmo.<\/p><p style=\"margin-bottom: 0cm; line-height: 150%;\"><span style=\"font-size: small; font-family: Arial, sans-serif; line-height: 150%;\">Logo que receba a encomenda confirme o estado da embalagem, caso a embalagem se encontre danificada, confirme o conte\u00fado da mesma, na presen\u00e7a do estafeta. N\u00e3o assine o comprovativo de entrega sem antes proceder a esta verifica\u00e7\u00e3o.<\/span><\/p><p style=\"margin-bottom: 0cm; line-height: 150%;\"><span style=\"font-family: Arial, sans-serif; font-size: small; line-height: 19.5px;\">O servi\u00e7o de entrega foi um servi\u00e7o externo seleccionado pela Be Aromatic para garantir rigor e qualidade. O tempo estimado de entrega para Portugal continental \u00e9 de 3 a 4 dias \u00fateis.<\/span><\/p><p>\u00a0<\/p><p><strong>6. Devolu\u00e7\u00f5es e Reembolsos<\/strong><\/p><p style=\"margin-bottom: 0cm; line-height: 150%;\"><span style=\"font-family: Arial, sans-serif;\"><span style=\"font-size: small;\">Caso encontre algum defeito no produto, poder\u00e1 proceder \u00e0 sua devolu\u00e7\u00e3o num prazo de 15 dias ap\u00f3s a recep\u00e7\u00e3o do mesmo. O produto ter\u00e1 que ser devolvido, obrigatoriamente, na embalagem original e nas mesmas condi\u00e7\u00f5es nas quais foi vendido, para a seguinte morada. <\/span><\/span><\/p><p style=\"margin-bottom: 0cm; line-height: 150%;\"><span style=\"font-family: Arial, sans-serif;\"><span style=\"font-size: small;\">Quinta dos Choupos, cx postal 3504 Loios-Louredo 7005-874 \u00c9vora. <\/span><\/span><\/p><p style=\"margin-bottom: 0cm; line-height: 150%;\"><span style=\"font-family: Arial, sans-serif;\"><span style=\"font-size: small;\">Solicita-se o envio de um email justificativo da respectiva devolu\u00e7\u00e3o para, geral@bearomatic.pt. <\/span><\/span><\/p><p style=\"margin-bottom: 0cm; line-height: 150%;\"><span style=\"font-family: Arial, sans-serif;\"><span style=\"font-size: small;\">O reembolso (incluindo os custos de entrega) dever\u00e1 ser feito num prazo de 15 dias, utilizando o mesmo meio de pagamento utilizado pelo consumidor cliente.<\/span><\/span><\/p><p style=\"margin-bottom: 0cm; line-height: 150%;\">\u00a0<\/p><p style=\"margin-bottom: 0cm; line-height: 150%;\"><strong>7. RESOLU\u00c7\u00c3O DE LIT\u00cdGIOS<\/strong><\/p><p>O CLIENTE pode apresentar reclama\u00e7\u00f5es ao SITE preenchendo o formul\u00e1rio da p\u00e1gina de contactos ou enviando um email para o endere\u00e7o eletr\u00f3nico ou uma carta para o endere\u00e7o postal do FORNECEDOR apresentados naquela p\u00e1gina ou que este disponibilize por outra via.<\/p><p>As reclama\u00e7\u00f5es apresentadas s\u00e3o tratadas por ordem cronol\u00f3gica de registo de entrada.<\/p><p>O CLIENTE poder\u00e1 tamb\u00e9m recorrer a um centro de arbitragem de lit\u00edgio de consumo aplic\u00e1vel ao sector de actividade do SITE, consultando os centros de arbitragem de lit\u00edgio de consumo que existem em Portugal no site do Centro Nacional de Informa\u00e7\u00e3o de Conflitos de Consumo dispon\u00edvel em www.arbitragemdeconsumo.org.<\/p><p>CENTROS DE ARBITRAGEM DE CONFLITOS DE CONSUMO DE COMPET\u00caNCIA GEN\u00c9RICA<\/p><p>CNIACC \u2013 Centro Nacional de Informa\u00e7\u00e3o e Arbitragem de Conflitos de Consumo Atua\u00e7\u00e3o em todo o territ\u00f3rio nacional, nas zonas n\u00e3o abrangidas por outro centro de arbitragem de compet\u00eancia regional. Faculdade de Direito da Universidade Nova de Lisboa Campus de Campolide, 1099-032 Lisboa Tel.: 213 847 484 \u2013 das 15.00h \u00e0s 17.00h \/ 91 922 55 40 Fax:213 845 201 E-mail: cniacc@fd.unl.pt Web: http:\/\/www.arbitragemdeconsumo.org \/ https:\/\/www.facebook.com\/cniacc<\/p><p><strong>10. Notas Finais<\/strong><\/p><p>Qualquer pedido de esclarecimento, sugest\u00e3o ou reclama\u00e7\u00e3o deve ser endere\u00e7ado \u00e0 Be Aromatic, atrav\u00e9s do Telefone +351 965196133 ou por email para geral@bearomatic.pt, ou o endere\u00e7o postal abaixo presente no inicio desta p\u00e1gina.<\/p>    <\/div>\n<\/div>\n<!-- \/module text -->\t\t\t\t<\/div><!-- .tb-column-inner -->\n\t\t\t\t\t\t<\/div><!-- .module_column -->\n\t\t\t\t\t\t<\/div><!-- .row_inner -->\n\t\t<\/div><!-- .module_row -->\n\t\t\t\t<\/div>\n<!--\/themify_builder_content-->","protected":false},"excerpt":{"rendered":"<p>Pol\u00edtica de Privacidade TERMOS E CONDI\u00c7\u00d5ES DE UTILIZA\u00c7\u00c3O e CONDI\u00c7\u00d5ES GEN\u00c9RICAS DE VENDA Comercializa\u00e7\u00e3o dos artigos expostos neste s\u00edtio de Internet \u00e9 efectuada pela seguinte entidade: Be Aromatic, Lda Quinta dos Choupos Cx postal 3504 Loios-Louredo 7005-874 \u00c9vora Portugal NIPC: 510254837 Registo comercial 20120419 pela Conservat\u00f3ria do Registo Comercial de \u00c9vora 1. Registo e contacto [&hellip;]<\/p>\n","protected":false},"author":1,"featured_media":0,"parent":0,"menu_order":12,"comment_status":"closed","ping_status":"closed","template":"","meta":{"footnotes":""},"class_list":["post-2814","page","type-page","status-publish","hentry","has-post-title","has-post-date","has-post-category","has-post-tag","has-post-comment","has-post-author",""],"yoast_head":"<!-- This site is optimized with the Yoast SEO plugin v24.4 - https:\/\/yoast.com\/wordpress\/plugins\/seo\/ -->\n<title>Privacy Policy - Bearomatic<\/title>\n<meta name=\"robots\" content=\"index, follow, max-snippet:-1, max-image-preview:large, max-video-preview:-1\" \/>\n<link rel=\"canonical\" href=\"https:\/\/www.bearomatic.com\/en\/privacy-policy\/\" \/>\n<meta property=\"og:locale\" content=\"en_US\" \/>\n<meta property=\"og:type\" content=\"article\" \/>\n<meta property=\"og:title\" content=\"Privacy Policy - Bearomatic\" \/>\n<meta property=\"og:description\" content=\"Pol\u00edtica de Privacidade TERMOS E CONDI\u00c7\u00d5ES DE UTILIZA\u00c7\u00c3O e CONDI\u00c7\u00d5ES GEN\u00c9RICAS DE VENDA Comercializa\u00e7\u00e3o dos artigos expostos neste s\u00edtio de Internet \u00e9 efectuada pela seguinte entidade: Be Aromatic, Lda Quinta dos Choupos Cx postal 3504 Loios-Louredo 7005-874 \u00c9vora Portugal NIPC: 510254837 Registo comercial 20120419 pela Conservat\u00f3ria do Registo Comercial de \u00c9vora 1. Registo e contacto [&hellip;]\" \/>\n<meta property=\"og:url\" content=\"https:\/\/www.bearomatic.com\/en\/privacy-policy\/\" \/>\n<meta property=\"og:site_name\" content=\"Bearomatic\" \/>\n<meta property=\"article:modified_time\" content=\"2023-10-29T17:23:31+00:00\" \/>\n<meta name=\"twitter:card\" content=\"summary_large_image\" \/>\n<meta name=\"twitter:label1\" content=\"Est. reading time\" \/>\n\t<meta name=\"twitter:data1\" content=\"1 minute\" \/>\n<script type=\"application\/ld+json\" class=\"yoast-schema-graph\">{\"@context\":\"https:\/\/schema.org\",\"@graph\":[{\"@type\":\"WebPage\",\"@id\":\"https:\/\/www.bearomatic.com\/en\/privacy-policy\/\",\"url\":\"https:\/\/www.bearomatic.com\/en\/privacy-policy\/\",\"name\":\"Privacy Policy - Bearomatic\",\"isPartOf\":{\"@id\":\"https:\/\/www.bearomatic.com\/#website\"},\"datePublished\":\"2023-10-12T16:19:18+00:00\",\"dateModified\":\"2023-10-29T17:23:31+00:00\",\"breadcrumb\":{\"@id\":\"https:\/\/www.bearomatic.com\/en\/privacy-policy\/#breadcrumb\"},\"inLanguage\":\"en-US\",\"potentialAction\":[{\"@type\":\"ReadAction\",\"target\":[\"https:\/\/www.bearomatic.com\/en\/privacy-policy\/\"]}]},{\"@type\":\"BreadcrumbList\",\"@id\":\"https:\/\/www.bearomatic.com\/en\/privacy-policy\/#breadcrumb\",\"itemListElement\":[{\"@type\":\"ListItem\",\"position\":1,\"name\":\"Home\",\"item\":\"https:\/\/www.bearomatic.com\/en\/home\/\"},{\"@type\":\"ListItem\",\"position\":2,\"name\":\"Privacy Policy\"}]},{\"@type\":\"WebSite\",\"@id\":\"https:\/\/www.bearomatic.com\/#website\",\"url\":\"https:\/\/www.bearomatic.com\/\",\"name\":\"Bearomatic\",\"description\":\"Bearomatic\",\"potentialAction\":[{\"@type\":\"SearchAction\",\"target\":{\"@type\":\"EntryPoint\",\"urlTemplate\":\"https:\/\/www.bearomatic.com\/?s={search_term_string}\"},\"query-input\":{\"@type\":\"PropertyValueSpecification\",\"valueRequired\":true,\"valueName\":\"search_term_string\"}}],\"inLanguage\":\"en-US\"}]}<\/script>\n<!-- \/ Yoast SEO plugin. -->","yoast_head_json":{"title":"Privacy Policy - Bearomatic","robots":{"index":"index","follow":"follow","max-snippet":"max-snippet:-1","max-image-preview":"max-image-preview:large","max-video-preview":"max-video-preview:-1"},"canonical":"https:\/\/www.bearomatic.com\/en\/privacy-policy\/","og_locale":"en_US","og_type":"article","og_title":"Privacy Policy - Bearomatic","og_description":"Pol\u00edtica de Privacidade TERMOS E CONDI\u00c7\u00d5ES DE UTILIZA\u00c7\u00c3O e CONDI\u00c7\u00d5ES GEN\u00c9RICAS DE VENDA Comercializa\u00e7\u00e3o dos artigos expostos neste s\u00edtio de Internet \u00e9 efectuada pela seguinte entidade: Be Aromatic, Lda Quinta dos Choupos Cx postal 3504 Loios-Louredo 7005-874 \u00c9vora Portugal NIPC: 510254837 Registo comercial 20120419 pela Conservat\u00f3ria do Registo Comercial de \u00c9vora 1. Registo e contacto [&hellip;]","og_url":"https:\/\/www.bearomatic.com\/en\/privacy-policy\/","og_site_name":"Bearomatic","article_modified_time":"2023-10-29T17:23:31+00:00","twitter_card":"summary_large_image","twitter_misc":{"Est. reading time":"1 minute"},"schema":{"@context":"https:\/\/schema.org","@graph":[{"@type":"WebPage","@id":"https:\/\/www.bearomatic.com\/en\/privacy-policy\/","url":"https:\/\/www.bearomatic.com\/en\/privacy-policy\/","name":"Privacy Policy - Bearomatic","isPartOf":{"@id":"https:\/\/www.bearomatic.com\/#website"},"datePublished":"2023-10-12T16:19:18+00:00","dateModified":"2023-10-29T17:23:31+00:00","breadcrumb":{"@id":"https:\/\/www.bearomatic.com\/en\/privacy-policy\/#breadcrumb"},"inLanguage":"en-US","potentialAction":[{"@type":"ReadAction","target":["https:\/\/www.bearomatic.com\/en\/privacy-policy\/"]}]},{"@type":"BreadcrumbList","@id":"https:\/\/www.bearomatic.com\/en\/privacy-policy\/#breadcrumb","itemListElement":[{"@type":"ListItem","position":1,"name":"Home","item":"https:\/\/www.bearomatic.com\/en\/home\/"},{"@type":"ListItem","position":2,"name":"Privacy Policy"}]},{"@type":"WebSite","@id":"https:\/\/www.bearomatic.com\/#website","url":"https:\/\/www.bearomatic.com\/","name":"Bearomatic","description":"Bearomatic","potentialAction":[{"@type":"SearchAction","target":{"@type":"EntryPoint","urlTemplate":"https:\/\/www.bearomatic.com\/?s={search_term_string}"},"query-input":{"@type":"PropertyValueSpecification","valueRequired":true,"valueName":"search_term_string"}}],"inLanguage":"en-US"}]}},"_links":{"self":[{"href":"https:\/\/www.bearomatic.com\/en\/wp-json\/wp\/v2\/pages\/2814","targetHints":{"allow":["GET"]}}],"collection":[{"href":"https:\/\/www.bearomatic.com\/en\/wp-json\/wp\/v2\/pages"}],"about":[{"href":"https:\/\/www.bearomatic.com\/en\/wp-json\/wp\/v2\/types\/page"}],"author":[{"embeddable":true,"href":"https:\/\/www.bearomatic.com\/en\/wp-json\/wp\/v2\/users\/1"}],"replies":[{"embeddable":true,"href":"https:\/\/www.bearomatic.com\/en\/wp-json\/wp\/v2\/comments?post=2814"}],"version-history":[{"count":2,"href":"https:\/\/www.bearomatic.com\/en\/wp-json\/wp\/v2\/pages\/2814\/revisions"}],"predecessor-version":[{"id":2816,"href":"https:\/\/www.bearomatic.com\/en\/wp-json\/wp\/v2\/pages\/2814\/revisions\/2816"}],"wp:attachment":[{"href":"https:\/\/www.bearomatic.com\/en\/wp-json\/wp\/v2\/media?parent=2814"}],"curies":[{"name":"wp","href":"https:\/\/api.w.org\/{rel}","templated":true}]}}