{"id":2790,"date":"2023-05-10T19:44:54","date_gmt":"2023-05-10T18:44:54","guid":{"rendered":"https:\/\/www.bearomatic.com\/livro-sal-verde\/"},"modified":"2023-11-02T12:16:32","modified_gmt":"2023-11-02T12:16:32","slug":"sal-verde-book","status":"publish","type":"page","link":"https:\/\/www.bearomatic.com\/en\/sal-verde-book\/","title":{"rendered":"Sal Verde Book"},"content":{"rendered":"<!--themify_builder_content-->\n<div id=\"themify_builder_content-2790\" data-postid=\"2790\" class=\"themify_builder_content themify_builder_content-2790 themify_builder tf_clear\">\n    \t\t\t\t<!-- module_row -->\n\t\t<div  data-css_id=\"uy7n613\" data-lazy=\"1\" class=\"module_row themify_builder_row forcedifwidth wraplivro1 fullwidth tb_uy7n613 tb_first tf_w tf_clearfix\">\n\t\t\t\t\t<div class=\"row_inner col_align_middle gutter-none tb_col_count_2 tf_box tf_rel\">\n\t\t\t\t\t<div  data-lazy=\"1\" class=\"module_column tb-column col4-2 tb_dbcg613 first\">\n\t\t\t\t\t\t\t\t\t<div class=\"tb-column-inner tf_box tf_w\">\n\t\t\t\t<!-- module text -->\n<div  class=\"module module-text tb_9omu214 wrapblocolivro1 genlink1  \" data-lazy=\"1\">\n        <div  class=\"tb_text_wrap\">\n    <h1>THE<br \/>\nBOOK<\/h1>\n<p>A good, balanced and healthy meal must have much more in its genesis than the virtue of the cook. Firstly, it must have quality raw materials resulting from a symbiosis of several elements. Everything is interconnected, the soil, the water, the animals and us who rely on them for our sustenance.<\/p>\n<p>The potential of aromatic herbs comes in many forms: as a substitute for salt and sugar, but also as a way to enhance aromas or finish some dishes brilliantly.<br \/>\n<a href=\"https:\/\/www.bearomatic.com\/en\/sal-verde-book\/book\/\">SEE BOOK<\/a><\/p>\n    <\/div>\n<\/div>\n<!-- \/module text -->\t\t\t\t<\/div><!-- .tb-column-inner -->\n\t\t\t\t\t\t<\/div><!-- .module_column -->\n\t\t\t\t\t<div  data-lazy=\"1\" class=\"module_column tb-column col4-2 tb_xu72613 livroimgbg last\">\n\t\t\t\t\t\t\t<\/div><!-- .module_column -->\n\t\t\t\t\t\t<\/div><!-- .row_inner -->\n\t\t<\/div><!-- .module_row -->\n\t\t\t\t\t\t\t\t<!-- module_row -->\n\t\t<div  data-anchor=\"receitas\" data-hide-anchor=\"1\" data-css_id=\"2keg383\" data-lazy=\"1\" class=\"module_row themify_builder_row forcedifwidth wraplivro2 fullwidth tb_has_section tb_section-receitas tb_2keg383 tf_w tf_clearfix\">\n\t\t\t\t\t<div class=\"row_inner col_align_middle gutter-none tb_col_count_2 tf_box tf_rel\">\n\t\t\t\t\t<div  data-lazy=\"1\" class=\"module_column tb-column col4-2 tb_p8nn383 livroimgbg first\">\n\t\t\t\t\t\t\t<\/div><!-- .module_column -->\n\t\t\t\t\t<div  data-lazy=\"1\" class=\"module_column tb-column col4-2 tb_i6am487 last\">\n\t\t\t\t\t\t\t\t\t<div class=\"tb-column-inner tf_box tf_w\">\n\t\t\t\t<!-- module text -->\n<div  class=\"module module-text tb_87gr56 wrapblocolivro1 genlink1  \" data-lazy=\"1\">\n        <div  class=\"tb_text_wrap\">\n    <h2>THE RECIPES<\/h2>\n<p>The book Sal Verde is more than a recipe book &#8211; it is a herbarium, which renews the knowledge of and strengthens the use of aromatic herbs as a reflection of a wise and healthier kitchen. It presents more than 20 aromatic herbs, in more than 100 recipes, practical and guaranteed to have a lot of flavor.<br \/>\nThe recipes are organized by plant, with a detailed presentation of each one regarding its history and geographical origin, and its culinary and medicinal use. Additionally, these introductions also showcase through illustration or photography the characteristics and aesthetic particularities of each of the plants that we are not usually aware of.<br \/>\nIdentify, choose, preserve, combine and use aromatic herbs to their full potential &#8211; as a substitute for salt, and sugar, but also as a way to enhance aromas or finish some dishes brilliantly.<\/p>\n    <\/div>\n<\/div>\n<!-- \/module text -->\t\t\t\t<\/div><!-- .tb-column-inner -->\n\t\t\t\t\t\t<\/div><!-- .module_column -->\n\t\t\t\t\t\t<\/div><!-- .row_inner -->\n\t\t<\/div><!-- .module_row -->\n\t\t\t\t\t\t\t\t<!-- module_row -->\n\t\t<div  data-lazy=\"1\" class=\"module_row themify_builder_row wrapnewsletterv2 tb_hyhe508 tf_w tf_clearfix\">\n\t\t\t\t\t<div class=\"row_inner col_align_top tb_col_count_1 tf_box tf_rel\">\n\t\t\t\t\t<div  data-lazy=\"1\" class=\"module_column tb-column col-full tb_wpsm508 first\">\n\t\t\t\t\t\t\t\t\t<div class=\"tb-column-inner tf_box tf_w\">\n\t\t\t\t<!-- module text -->\n<div  class=\"module module-text tb_z7o8309 wrapnewsletterv2txt  \" data-lazy=\"1\">\n        <div  class=\"tb_text_wrap\">\n    <p><span class=\"recnews\">RECEIVE OUR NEWS<\/span> AND AN OFFER OF 10% DISCOUNT ON YOUR FIRST PURCHASE<\/p>\n    <\/div>\n<\/div>\n<!-- \/module text --><!-- module plain text -->\n<div  class=\"module module-plain-text tb_nj4t255 \" data-lazy=\"1\">\n        <div class=\"tb_text_wrap\">\n\t<div class=\"bothomeform\">\n<div class=\"wpcf7 no-js\" id=\"wpcf7-f2853-o1\" lang=\"pt-PT\" dir=\"ltr\" data-wpcf7-id=\"2853\">\n<div class=\"screen-reader-response\"><p role=\"status\" aria-live=\"polite\" aria-atomic=\"true\"><\/p> <ul><\/ul><\/div>\n<form action=\"\/en\/wp-json\/wp\/v2\/pages\/2790#wpcf7-f2853-o1\" method=\"post\" class=\"wpcf7-form init mailchimp-ext-0.5.72\" aria-label=\"Formul\u00e1rio de contacto\" novalidate=\"novalidate\" data-status=\"init\">\n<div style=\"display: none;\">\n<input type=\"hidden\" name=\"_wpcf7\" value=\"2853\" \/>\n<input type=\"hidden\" name=\"_wpcf7_version\" value=\"6.0.3\" \/>\n<input type=\"hidden\" name=\"_wpcf7_locale\" value=\"pt_PT\" \/>\n<input type=\"hidden\" name=\"_wpcf7_unit_tag\" value=\"wpcf7-f2853-o1\" \/>\n<input type=\"hidden\" name=\"_wpcf7_container_post\" value=\"0\" \/>\n<input type=\"hidden\" name=\"_wpcf7_posted_data_hash\" value=\"\" \/>\n<input type=\"hidden\" name=\"_wpcf7_recaptcha_response\" value=\"\" \/>\n<\/div>\n<div id=\"ymc_embed_signup_scroll\">\n\t<div class=\"ymc-field-group\">\n\t\t<p><span class=\"wpcf7-form-control-wrap\" data-name=\"email-463\"><input size=\"40\" maxlength=\"400\" class=\"wpcf7-form-control wpcf7-email wpcf7-validates-as-required wpcf7-text wpcf7-validates-as-email\" aria-required=\"true\" aria-invalid=\"false\" placeholder=\"NEWSLETTER\" value=\"\" type=\"email\" name=\"email-463\" \/><\/span><input class=\"wpcf7-form-control wpcf7-submit has-spinner\" type=\"submit\" value=\"SEND\" \/>\n\t\t<\/p>\n\t<\/div>\n<\/div><p style=\"display: none !important;\" class=\"akismet-fields-container\" data-prefix=\"_wpcf7_ak_\"><label>&#916;<textarea name=\"_wpcf7_ak_hp_textarea\" cols=\"45\" rows=\"8\" maxlength=\"100\"><\/textarea><\/label><input type=\"hidden\" id=\"ak_js_1\" name=\"_wpcf7_ak_js\" value=\"86\"\/><script>document.getElementById( \"ak_js_1\" ).setAttribute( \"value\", ( new Date() ).getTime() );<\/script><\/p><div class=\"wpcf7-response-output\" aria-hidden=\"true\"><\/div><p style=\"display: none !important\"><span class=\"wpcf7-form-control-wrap referer-page\"><input type=\"hidden\" name=\"referer-page\" value=\"http:\/\/Direct%20Visit\" data-value=\"http:\/\/Direct%20Visit\" class=\"wpcf7-form-control wpcf7-text referer-page\" aria-invalid=\"false\"><\/span><\/p>\n<!-- Chimpmatic extension by Renzo Johnson -->\n<\/form>\n<\/div>\n<\/div>    <\/div>\n<\/div>\n<!-- \/module plain text -->\t\t\t\t<\/div><!-- .tb-column-inner -->\n\t\t\t\t\t\t<\/div><!-- .module_column -->\n\t\t\t\t\t\t<\/div><!-- .row_inner -->\n\t\t<\/div><!-- .module_row -->\n\t\t\t\t<\/div>\n<!--\/themify_builder_content-->","protected":false},"excerpt":{"rendered":"<p>O LIVRO Uma boa refei\u00e7\u00e3o, equilibrada e saud\u00e1vel, tem de ter na sua g\u00e9nese muito mais que a virtude do cozinheiro ou cozinheira. Tem de ter, em primeiro lugar, mat\u00e9ria prima de qualidade resultante de uma simbiose de v\u00e1rios elementos. Tudo est\u00e1 interligado, o solo, a \u00e1gua, os animais e n\u00f3s que deles nos sustentamos. [&hellip;]<\/p>\n","protected":false},"author":1,"featured_media":0,"parent":0,"menu_order":2,"comment_status":"closed","ping_status":"closed","template":"","meta":{"footnotes":""},"class_list":["post-2790","page","type-page","status-publish","hentry","has-post-title","has-post-date","has-post-category","has-post-tag","has-post-comment","has-post-author",""],"yoast_head":"<!-- This site is optimized with the Yoast SEO plugin v24.4 - https:\/\/yoast.com\/wordpress\/plugins\/seo\/ -->\n<title>Sal Verde Book - Bearomatic<\/title>\n<meta name=\"robots\" content=\"index, follow, max-snippet:-1, max-image-preview:large, max-video-preview:-1\" \/>\n<link rel=\"canonical\" href=\"https:\/\/www.bearomatic.com\/en\/sal-verde-book\/\" \/>\n<meta property=\"og:locale\" content=\"en_US\" \/>\n<meta property=\"og:type\" content=\"article\" \/>\n<meta property=\"og:title\" content=\"Sal Verde Book - Bearomatic\" \/>\n<meta property=\"og:description\" content=\"O LIVRO Uma boa refei\u00e7\u00e3o, equilibrada e saud\u00e1vel, tem de ter na sua g\u00e9nese muito mais que a virtude do cozinheiro ou cozinheira. Tem de ter, em primeiro lugar, mat\u00e9ria prima de qualidade resultante de uma simbiose de v\u00e1rios elementos. Tudo est\u00e1 interligado, o solo, a \u00e1gua, os animais e n\u00f3s que deles nos sustentamos. [&hellip;]\" \/>\n<meta property=\"og:url\" content=\"https:\/\/www.bearomatic.com\/en\/sal-verde-book\/\" \/>\n<meta property=\"og:site_name\" content=\"Bearomatic\" \/>\n<meta property=\"article:modified_time\" content=\"2023-11-02T12:16:32+00:00\" \/>\n<meta name=\"twitter:card\" content=\"summary_large_image\" \/>\n<meta name=\"twitter:label1\" content=\"Est. reading time\" \/>\n\t<meta name=\"twitter:data1\" content=\"2 minutes\" \/>\n<script type=\"application\/ld+json\" class=\"yoast-schema-graph\">{\"@context\":\"https:\/\/schema.org\",\"@graph\":[{\"@type\":\"WebPage\",\"@id\":\"https:\/\/www.bearomatic.com\/en\/sal-verde-book\/\",\"url\":\"https:\/\/www.bearomatic.com\/en\/sal-verde-book\/\",\"name\":\"Sal Verde Book - Bearomatic\",\"isPartOf\":{\"@id\":\"https:\/\/www.bearomatic.com\/#website\"},\"datePublished\":\"2023-05-10T18:44:54+00:00\",\"dateModified\":\"2023-11-02T12:16:32+00:00\",\"breadcrumb\":{\"@id\":\"https:\/\/www.bearomatic.com\/en\/sal-verde-book\/#breadcrumb\"},\"inLanguage\":\"en-US\",\"potentialAction\":[{\"@type\":\"ReadAction\",\"target\":[\"https:\/\/www.bearomatic.com\/en\/sal-verde-book\/\"]}]},{\"@type\":\"BreadcrumbList\",\"@id\":\"https:\/\/www.bearomatic.com\/en\/sal-verde-book\/#breadcrumb\",\"itemListElement\":[{\"@type\":\"ListItem\",\"position\":1,\"name\":\"Home\",\"item\":\"https:\/\/www.bearomatic.com\/en\/home\/\"},{\"@type\":\"ListItem\",\"position\":2,\"name\":\"Sal Verde Book\"}]},{\"@type\":\"WebSite\",\"@id\":\"https:\/\/www.bearomatic.com\/#website\",\"url\":\"https:\/\/www.bearomatic.com\/\",\"name\":\"Bearomatic\",\"description\":\"Bearomatic\",\"potentialAction\":[{\"@type\":\"SearchAction\",\"target\":{\"@type\":\"EntryPoint\",\"urlTemplate\":\"https:\/\/www.bearomatic.com\/?s={search_term_string}\"},\"query-input\":{\"@type\":\"PropertyValueSpecification\",\"valueRequired\":true,\"valueName\":\"search_term_string\"}}],\"inLanguage\":\"en-US\"}]}<\/script>\n<!-- \/ Yoast SEO plugin. -->","yoast_head_json":{"title":"Sal Verde Book - Bearomatic","robots":{"index":"index","follow":"follow","max-snippet":"max-snippet:-1","max-image-preview":"max-image-preview:large","max-video-preview":"max-video-preview:-1"},"canonical":"https:\/\/www.bearomatic.com\/en\/sal-verde-book\/","og_locale":"en_US","og_type":"article","og_title":"Sal Verde Book - Bearomatic","og_description":"O LIVRO Uma boa refei\u00e7\u00e3o, equilibrada e saud\u00e1vel, tem de ter na sua g\u00e9nese muito mais que a virtude do cozinheiro ou cozinheira. Tem de ter, em primeiro lugar, mat\u00e9ria prima de qualidade resultante de uma simbiose de v\u00e1rios elementos. Tudo est\u00e1 interligado, o solo, a \u00e1gua, os animais e n\u00f3s que deles nos sustentamos. [&hellip;]","og_url":"https:\/\/www.bearomatic.com\/en\/sal-verde-book\/","og_site_name":"Bearomatic","article_modified_time":"2023-11-02T12:16:32+00:00","twitter_card":"summary_large_image","twitter_misc":{"Est. reading time":"2 minutes"},"schema":{"@context":"https:\/\/schema.org","@graph":[{"@type":"WebPage","@id":"https:\/\/www.bearomatic.com\/en\/sal-verde-book\/","url":"https:\/\/www.bearomatic.com\/en\/sal-verde-book\/","name":"Sal Verde Book - Bearomatic","isPartOf":{"@id":"https:\/\/www.bearomatic.com\/#website"},"datePublished":"2023-05-10T18:44:54+00:00","dateModified":"2023-11-02T12:16:32+00:00","breadcrumb":{"@id":"https:\/\/www.bearomatic.com\/en\/sal-verde-book\/#breadcrumb"},"inLanguage":"en-US","potentialAction":[{"@type":"ReadAction","target":["https:\/\/www.bearomatic.com\/en\/sal-verde-book\/"]}]},{"@type":"BreadcrumbList","@id":"https:\/\/www.bearomatic.com\/en\/sal-verde-book\/#breadcrumb","itemListElement":[{"@type":"ListItem","position":1,"name":"Home","item":"https:\/\/www.bearomatic.com\/en\/home\/"},{"@type":"ListItem","position":2,"name":"Sal Verde Book"}]},{"@type":"WebSite","@id":"https:\/\/www.bearomatic.com\/#website","url":"https:\/\/www.bearomatic.com\/","name":"Bearomatic","description":"Bearomatic","potentialAction":[{"@type":"SearchAction","target":{"@type":"EntryPoint","urlTemplate":"https:\/\/www.bearomatic.com\/?s={search_term_string}"},"query-input":{"@type":"PropertyValueSpecification","valueRequired":true,"valueName":"search_term_string"}}],"inLanguage":"en-US"}]}},"_links":{"self":[{"href":"https:\/\/www.bearomatic.com\/en\/wp-json\/wp\/v2\/pages\/2790","targetHints":{"allow":["GET"]}}],"collection":[{"href":"https:\/\/www.bearomatic.com\/en\/wp-json\/wp\/v2\/pages"}],"about":[{"href":"https:\/\/www.bearomatic.com\/en\/wp-json\/wp\/v2\/types\/page"}],"author":[{"embeddable":true,"href":"https:\/\/www.bearomatic.com\/en\/wp-json\/wp\/v2\/users\/1"}],"replies":[{"embeddable":true,"href":"https:\/\/www.bearomatic.com\/en\/wp-json\/wp\/v2\/comments?post=2790"}],"version-history":[{"count":10,"href":"https:\/\/www.bearomatic.com\/en\/wp-json\/wp\/v2\/pages\/2790\/revisions"}],"predecessor-version":[{"id":3030,"href":"https:\/\/www.bearomatic.com\/en\/wp-json\/wp\/v2\/pages\/2790\/revisions\/3030"}],"wp:attachment":[{"href":"https:\/\/www.bearomatic.com\/en\/wp-json\/wp\/v2\/media?parent=2790"}],"curies":[{"name":"wp","href":"https:\/\/api.w.org\/{rel}","templated":true}]}}